{"id":7,"date":"2017-03-24T17:11:53","date_gmt":"2017-03-24T16:11:53","guid":{"rendered":"http:\/\/www.semainearabe.ens.fr\/?page_id=7"},"modified":"2026-04-09T14:55:25","modified_gmt":"2026-04-09T12:55:25","slug":"accueil","status":"publish","type":"page","link":"https:\/\/www.semainearabe.ens.fr\/","title":{"rendered":"Pr\u00e9sentation"},"content":{"rendered":"\n<h5 class=\"wp-block-heading\">Semaine arabe 2026<\/h5>\n\n\n\n<p>Initi\u00e9e en 1998 dans l&rsquo;intention de nourrir les r\u00e9flexions sur les langues et les cultures arabes, la Semaine arabe de l&rsquo;ENS est un \u00e9v\u00e9nement acad\u00e9mique et culturel qui se tient chaque ann\u00e9e au printemps et qui r\u00e9unit, une semaine durant, chercheur\u00b7euses,<br>artistes, \u00e9tudiant\u00b7es et curieux\u00b7euses en tout genre autour d&rsquo;un th\u00e8me de r\u00e9flexion commun.<\/p>\n\n\n\n<p>Cette ann\u00e9e, la semaine arabe met \u00e0 l\u2019honneur les voix singuli\u00e8res qui composent le(s) monde(s) arabe(s) en prenant pour th\u00e8me \u201c<strong>Nos histoires<\/strong>\u201d.<\/p>\n\n\n\n<p>Histoires de vie, histoires collectives, histoires que l\u2019on transmet au coin du feu de g\u00e9n\u00e9rations en g\u00e9n\u00e9rations, celles qui sont ancr\u00e9es dans la tradition orale et celles qui tendent \u00e0 dispara\u00eetre, celles que l\u2019on a \u00e9crites il y a des si\u00e8cles, tout comme celles que l\u2019on n\u2019a pas encore couch\u00e9es sur le papier : nos histoires sont \u00e0 la fois profond\u00e9ment individuelles, et constitutives d\u2019un patrimoine commun.<\/p>\n\n\n\n<p>Par les arts oraux et \u00e9crits, la litt\u00e9rature, le droit, l\u2019histoire du temps pr\u00e9sent, la po\u00e9sie gazaouie ou encore le cin\u00e9ma, nous t\u00e2cherons d\u2019o\ufb00rir un espace d\u2019\u00e9change et de r\u00e9flexion critique, et de comprendre comment nos histoires sont transmises (ou non), enfouies, resurgissent, sont officialis\u00e9es, ou utilis\u00e9es \u00e0 des fins de r\u00e9sistance, au fil des \u00e9poques et \u00e0 travers le monde arabe.<\/p>\n\n\n\n<p>Nous vous donnons rendez-vous du 10 au 17 avril pour d\u00e9couvrir nos histoires sous toutes leurs facettes autour de tables rondes, de conf\u00e9rences, d\u2019ateliers, de sc\u00e8nes, et bien d\u2019autres surprises !<\/p>\n\n\n\n<p>Vous pouvez \u00e9galement retrouver les <a href=\"https:\/\/www.semainearabe.ens.fr\/index.php\/archives\/\">archives<\/a>, les captations de certains \u00e9v\u00e9nements des anciennes \u00e9ditions <a href=\"https:\/\/savoirs.ens.fr\/recherche.php?rechercheOption=&amp;rechercheTerme=semaine+arabe\">sur le site \u00ab<span style=\"font-weight: 400;\">&nbsp;<\/span>Savoirs<span style=\"font-weight: 400;\">&nbsp;<\/span>\u00bb de l\u2019ENS<\/a>, nous suivre sur <a href=\"https:\/\/www.facebook.com\/semainearabeENS\/\">Facebook<\/a>&nbsp; et <a href=\"https:\/\/www.instagram.com\/arabisens.ulm\/\" data-type=\"link\" data-id=\"https:\/\/www.instagram.com\/arabisens.ulm\/\">Instagram<\/a> ou vous abonner \u00e0 notre <a href=\"https:\/\/lists.ens.psl.eu\/wws\/subscribe\/semainearabe\">liste de diffusion<\/a> pour rester au courant des derni\u00e8res actualit\u00e9s.<\/p>\n\n\n\n<hr class=\"wp-block-separator has-alpha-channel-opacity\"\/>\n\n\n\n<h5 class=\"wp-block-heading\">prEsentation de l&rsquo;\u00e9dition 2026<\/h5>\n\n\n\n<p><\/p>\n\n\n\n<figure class=\"wp-block-image size-full is-resized\"><img loading=\"lazy\" decoding=\"async\" width=\"1131\" height=\"1600\" src=\"https:\/\/www.semainearabe.ens.fr\/wp-content\/uploads\/2026\/03\/Nos-histoires.jpeg\" alt=\"\" class=\"wp-image-776\" style=\"width:693px;height:auto\" srcset=\"https:\/\/www.semainearabe.ens.fr\/wp-content\/uploads\/2026\/03\/Nos-histoires.jpeg 1131w, https:\/\/www.semainearabe.ens.fr\/wp-content\/uploads\/2026\/03\/Nos-histoires-212x300.jpeg 212w, https:\/\/www.semainearabe.ens.fr\/wp-content\/uploads\/2026\/03\/Nos-histoires-724x1024.jpeg 724w, https:\/\/www.semainearabe.ens.fr\/wp-content\/uploads\/2026\/03\/Nos-histoires-768x1086.jpeg 768w, https:\/\/www.semainearabe.ens.fr\/wp-content\/uploads\/2026\/03\/Nos-histoires-1086x1536.jpeg 1086w\" sizes=\"auto, (max-width: 706px) 89vw, (max-width: 767px) 82vw, 740px\" \/><\/figure>\n\n\n\n<h5 class=\"wp-block-heading\">Nos histoires<\/h5>\n\n\n\n<p><\/p>\n\n\n\n<p>N&rsquo;h\u00e9sitez pas \u00e0 faire circuler l&rsquo;information autour de vous !<br>Au plaisir de vous y retrouver nombreuses et nombreux !<\/p>\n\n\n\n<p><strong>Programme de la Semaine Arabe 2026 <\/strong><\/p>\n\n\n\n<figure class=\"wp-block-image size-large\"><img loading=\"lazy\" decoding=\"async\" width=\"724\" height=\"1024\" src=\"https:\/\/www.semainearabe.ens.fr\/wp-content\/uploads\/2026\/04\/PROG-SA-2026-FINAL-724x1024.png\" alt=\"\" class=\"wp-image-816\" srcset=\"https:\/\/www.semainearabe.ens.fr\/wp-content\/uploads\/2026\/04\/PROG-SA-2026-FINAL-724x1024.png 724w, https:\/\/www.semainearabe.ens.fr\/wp-content\/uploads\/2026\/04\/PROG-SA-2026-FINAL-212x300.png 212w, https:\/\/www.semainearabe.ens.fr\/wp-content\/uploads\/2026\/04\/PROG-SA-2026-FINAL-768x1086.png 768w, https:\/\/www.semainearabe.ens.fr\/wp-content\/uploads\/2026\/04\/PROG-SA-2026-FINAL-1086x1536.png 1086w, https:\/\/www.semainearabe.ens.fr\/wp-content\/uploads\/2026\/04\/PROG-SA-2026-FINAL-1448x2048.png 1448w, https:\/\/www.semainearabe.ens.fr\/wp-content\/uploads\/2026\/04\/PROG-SA-2026-FINAL.png 1587w\" sizes=\"auto, (max-width: 724px) 100vw, 724px\" \/><\/figure>\n","protected":false},"excerpt":{"rendered":"<p>Semaine arabe 2026 Initi\u00e9e en 1998 dans l&rsquo;intention de nourrir les r\u00e9flexions sur les langues et les cultures arabes, la Semaine arabe de l&rsquo;ENS est un \u00e9v\u00e9nement acad\u00e9mique et culturel qui se tient chaque ann\u00e9e au printemps et qui r\u00e9unit, une semaine durant, chercheur\u00b7euses,artistes, \u00e9tudiant\u00b7es et curieux\u00b7euses en tout genre autour d&rsquo;un th\u00e8me de r\u00e9flexion &hellip; <\/p>\n<p class=\"link-more\"><a href=\"https:\/\/www.semainearabe.ens.fr\/\" class=\"more-link\">Continuer la lecture<span class=\"screen-reader-text\"> de &laquo;&nbsp;Pr\u00e9sentation&nbsp;&raquo;<\/span><\/a><\/p>\n","protected":false},"author":1,"featured_media":0,"parent":0,"menu_order":0,"comment_status":"closed","ping_status":"closed","template":"","meta":{"footnotes":""},"class_list":["post-7","page","type-page","status-publish","hentry"],"_links":{"self":[{"href":"https:\/\/www.semainearabe.ens.fr\/index.php\/wp-json\/wp\/v2\/pages\/7","targetHints":{"allow":["GET"]}}],"collection":[{"href":"https:\/\/www.semainearabe.ens.fr\/index.php\/wp-json\/wp\/v2\/pages"}],"about":[{"href":"https:\/\/www.semainearabe.ens.fr\/index.php\/wp-json\/wp\/v2\/types\/page"}],"author":[{"embeddable":true,"href":"https:\/\/www.semainearabe.ens.fr\/index.php\/wp-json\/wp\/v2\/users\/1"}],"replies":[{"embeddable":true,"href":"https:\/\/www.semainearabe.ens.fr\/index.php\/wp-json\/wp\/v2\/comments?post=7"}],"version-history":[{"count":48,"href":"https:\/\/www.semainearabe.ens.fr\/index.php\/wp-json\/wp\/v2\/pages\/7\/revisions"}],"predecessor-version":[{"id":817,"href":"https:\/\/www.semainearabe.ens.fr\/index.php\/wp-json\/wp\/v2\/pages\/7\/revisions\/817"}],"wp:attachment":[{"href":"https:\/\/www.semainearabe.ens.fr\/index.php\/wp-json\/wp\/v2\/media?parent=7"}],"curies":[{"name":"wp","href":"https:\/\/api.w.org\/{rel}","templated":true}]}}