{"id":687,"date":"2025-03-17T13:24:04","date_gmt":"2025-03-17T12:24:04","guid":{"rendered":"https:\/\/www.semainearabe.ens.fr\/?page_id=687"},"modified":"2026-04-12T10:37:43","modified_gmt":"2026-04-12T08:37:43","slug":"programme-2025","status":"publish","type":"page","link":"https:\/\/www.semainearabe.ens.fr\/index.php\/programme-2025\/","title":{"rendered":"Programme 2026"},"content":{"rendered":"\n<p><em>Sauf mention contraire<\/em>, les \u00e9v\u00e8nements ont lieu sur le site Panth\u00e9on de l\u2019ENS (29 ou 45 rue d\u2019Ulm), durent deux heures environ, et&nbsp;<strong>l\u2019entr\u00e9e est libre et gratuite<\/strong>&nbsp;dans la limite des places disponibles.&nbsp;<\/p>\n\n\n\n<p><strong><span style=\"text-decoration: underline;\">Une inscription est requise pour<\/span>&nbsp;<\/strong>: les <strong>ateliers de&nbsp;calligraphie<\/strong>&nbsp;samedi 11 avril ; la&nbsp;<strong>conf\u00e9rence en partenariat<\/strong> <strong><strong>avec le s\u00e9minaire Palestine<\/strong><\/strong> le lundi 13 avril ; les ateliers initiation Darbouka le vendredi 17 avril ; le&nbsp;<strong>d\u00eener solidaire afghan<\/strong>&nbsp;le vendredi 17 avril ; la <strong>hafla (soir\u00e9e) <\/strong>le vendredi 17 avril. Les&nbsp;<strong>liens<\/strong>&nbsp;<strong>d\u2019inscription<\/strong>&nbsp;seront \u00e0 retrouver&nbsp;<strong>ci-dessous<\/strong>.<\/p>\n\n\n\n<p>En plus du programme ci-dessous, retrouvez ici <a href=\"https:\/\/www.semainearabe.ens.fr\/wp-content\/uploads\/2026\/04\/PROG.-SA-2026-DETAIL-FINAL.pdf\" data-type=\"link\" data-id=\"https:\/\/www.semainearabe.ens.fr\/wp-content\/uploads\/2026\/04\/Premier-programme-de\u0301taille\u0301_compressed.pdf\"><strong>un descriptif sommaire de chaque conf\u00e9rence<\/strong>.<\/a><\/p>\n\n\n\n<h3 class=\"wp-block-heading\"><strong><mark style=\"background-color:rgba(0, 0, 0, 0)\" class=\"has-inline-color has-vivid-red-color\">Vendredi 10 avril<\/mark><\/strong><\/h3>\n\n\n\n<p><\/p>\n\n\n\n<div class=\"wp-block-columns is-layout-flex wp-container-core-columns-is-layout-9d6595d7 wp-block-columns-is-layout-flex\">\n<div class=\"wp-block-column is-layout-flow wp-block-column-is-layout-flow\" style=\"flex-basis:100%\">\n<figure class=\"wp-block-table\"><table><tbody><tr><td>16h<\/td><td>Loaay WATTAD, (Sociologue \u00e0 l&rsquo;universit\u00e9 de Berlin)<br><strong>The Political Fairytale: Little Red Riding Hood in Palestine<\/strong><br><em>45 rue d&rsquo;Ulm, Salle C<\/em>availl\u00e8s<\/td><\/tr><tr><td>18h<\/td><td>Discours de M. Worms<br>Hadi Nasreddine (Musicien libanais)<br><em>45 rue d&rsquo;Ulm,<\/em> <em>Cour aux Ernests<\/em><\/td><\/tr><\/tbody><\/table><\/figure>\n<\/div>\n<\/div>\n\n\n\n<h3 class=\"wp-block-heading\"><span style=\"color: #993300;\"><strong><mark style=\"background-color:rgba(0, 0, 0, 0)\" class=\"has-inline-color has-vivid-red-color\">Samedi 11 avril<\/mark><\/strong><\/span><\/h3>\n\n\n\n<div class=\"wp-block-columns is-layout-flex wp-container-core-columns-is-layout-9d6595d7 wp-block-columns-is-layout-flex\">\n<div class=\"wp-block-column is-layout-flow wp-block-column-is-layout-flow\" style=\"flex-basis:100%\">\n<figure class=\"wp-block-table\"><table><tbody><tr><td>11h<\/td><td><strong>Atelier de calligraphie<\/strong>, avec les calligraphes <strong>Mohamed et Hadil Salih<\/strong><br><strong>11h<\/strong> &#8211; Cours d\u2019introduction \u00e0 la calligraphie <em>(<a href=\"https:\/\/www.eventbrite.fr\/e\/ateliers-dinitiation-a-la-calligraphie-semaine-arabe-tickets-1986153449433?aff=oddtdtcreator\">Inscription obligatoire<\/a>)<\/em><br><strong>14h<\/strong> &#8211; Atelier de pratique et r\u00e9alisation d\u2019\u0153uvres personnalis\u00e9es \u00e0 la demande<br><strong>15h<\/strong> &#8211; D\u00e9monstration musicale et calligraphique (r\u00e9alisation d\u2019une \u0153uvre en direct avec accompagnement \u00e0 l\u2019accord\u00e9on)<br><em>45 rue d&rsquo;Ulm, <em><em>salle <\/em><\/em><\/em>Cavaill\u00e8s<\/td><\/tr><\/tbody><\/table><\/figure>\n<\/div>\n<\/div>\n\n\n\n<h3 class=\"wp-block-heading\"><span style=\"color: #993300;\"><strong><mark style=\"background-color:rgba(0, 0, 0, 0)\" class=\"has-inline-color has-vivid-red-color\">Lundi 13 avril<\/mark><\/strong><\/span><\/h3>\n\n\n\n<div class=\"wp-block-columns is-layout-flex wp-container-core-columns-is-layout-9d6595d7 wp-block-columns-is-layout-flex\">\n<div class=\"wp-block-column is-layout-flow wp-block-column-is-layout-flow\" style=\"flex-basis:100%\">\n<figure class=\"wp-block-table\"><table><tbody><tr><td>16h<\/td><td>Kamelya OMAYMA YOUSSEF, (Po\u00e9tesse) <br><strong><em>Ta ehkeelek hal hikaya<\/em>, I must invent a new form (this Antithetical Making)<\/strong><br><em>45 rue d&rsquo;Ulm, <em>salle <\/em><\/em>Cavaill\u00e8s<\/td><\/tr><tr><td>18h30<\/td><td>S\u00e9bastien HAULE (Ing\u00e9nieur d&rsquo;\u00e9tudes) et Marion Mac\u00e9 (Doctorante \u00e0 Lyon 3) discut\u00e9s par Le\u00efla VIGNAL (directrice du d\u00e9partement de g\u00e9ographie Ens)- Penser avec la Palestine <em>(<a href=\"https:\/\/www.eventbrite.com\/e\/penser-avec-la-palestine-sebastien-haule-tickets-1979970726743?aff=erelexpmlt\">Inscription obligatoire<\/a>)<\/em><br><strong>Gaza, inventaire d&rsquo;un patrimoine bombard\u00e9<\/strong><br><em>45 rue d&rsquo;Ulm, Salle C<\/em>availl\u00e8s<\/td><\/tr><\/tbody><\/table><\/figure>\n<\/div>\n<\/div>\n\n\n\n<h3 class=\"wp-block-heading\"><span style=\"color: #993300;\"><strong><mark style=\"background-color:rgba(0, 0, 0, 0)\" class=\"has-inline-color has-vivid-red-color\">Mardi 14 avril<\/mark><\/strong><\/span><\/h3>\n\n\n\n<div class=\"wp-block-columns is-layout-flex wp-container-core-columns-is-layout-9d6595d7 wp-block-columns-is-layout-flex\">\n<div class=\"wp-block-column is-layout-flow wp-block-column-is-layout-flow\" style=\"flex-basis:100%\">\n<figure class=\"wp-block-table\"><table><tbody><tr><td>16h<\/td><td>Augustin JOMIER (Chercheur au CERMOM)<br><strong>Les biblioth\u00e8ques fant\u00f4mes de l&rsquo;Alg\u00e9rie coloniale : pillages, transferts et m\u00e9moires effac\u00e9es<\/strong> <br><em>45 rue d&rsquo;Ulm, Salle des Actes<\/em><\/td><\/tr><tr><td>18h<\/td><td>Abdellatif LAABI, (Po\u00e8te et traducteur) <br><strong>\u00c9crire, traduire, r\u00e9sister <\/strong><br><em>45 rue d&rsquo;Ulm, Salle <\/em>des R\u00e9sistants<\/td><\/tr><tr><td>19h30<\/td><td>Projection du film <strong>Intervention divine <\/strong>d&rsquo;Elia Suleiman <br>et rencontre avec Salim Elbeik<br><a href=\"https:\/\/www.eventbrite.fr\/e\/billets-seance-arabisens-x-filmotheque-du-quartier-latin-intervention-divine-1987117767735?aff=oddtdtcreator\">Lien vers la r\u00e9servation des billets <\/a>(Gratuit dans la limite des places disponibles) <br>\u00e0 la Filmoth\u00e8que <br>9 rue Champollion 75005<\/td><\/tr><\/tbody><\/table><\/figure>\n<\/div>\n<\/div>\n\n\n\n<h3 class=\"wp-block-heading\"><span style=\"color: #993300;\"><strong><mark style=\"background-color:rgba(0, 0, 0, 0)\" class=\"has-inline-color has-vivid-red-color\">Mercredi 15 avril<\/mark><\/strong><\/span><\/h3>\n\n\n\n<div class=\"wp-block-columns is-layout-flex wp-container-core-columns-is-layout-9d6595d7 wp-block-columns-is-layout-flex\">\n<div class=\"wp-block-column is-layout-flow wp-block-column-is-layout-flow\" style=\"flex-basis:100%\">\n<figure class=\"wp-block-table\"><table><tbody><tr><td>15h<\/td><td>Jacqueline CHABBI, (Islamologue)<br><strong>Comment lire un texte de croyance par rapport \u00e0 son terrain : le cas du Coran<\/strong><br><em>45 rue d&rsquo;Ulm, Salle<\/em> Cavaill\u00e8s<\/td><\/tr><tr><td>17h30<\/td><td>Farah FAYAD, (co-r\u00e9alisatrice et cin\u00e9aste)<br>Projection du documentaire : <strong>Les enfants du soleil <\/strong><br><em>45 rue d&rsquo;Ulm, Salle<\/em> des R\u00e9sistants<\/td><\/tr><\/tbody><\/table><\/figure>\n<\/div>\n<\/div>\n\n\n\n<h3 class=\"wp-block-heading\"><span style=\"color: #993300;\"><strong><mark style=\"background-color:rgba(0, 0, 0, 0)\" class=\"has-inline-color has-vivid-red-color\">Jeudi 16 avril<\/mark><\/strong><\/span><\/h3>\n\n\n\n<div class=\"wp-block-columns is-layout-flex wp-container-core-columns-is-layout-9d6595d7 wp-block-columns-is-layout-flex\">\n<div class=\"wp-block-column is-layout-flow wp-block-column-is-layout-flow\" style=\"flex-basis:100%\">\n<figure class=\"wp-block-table\"><table><tbody><tr><td>16h<\/td><td>Baudouin DUPRET (politiste et islamologue CNRS), discut\u00e9 par Jean-Louis HALPERIN (Historien du Droit)<br><strong>De la charia au droit musulman : comment la norme sacr\u00e9e s&rsquo;est faite droit positif<\/strong> <br><em>29 rue d&rsquo;Ulm, Salle <\/em>Camille Marbo (U205)<\/td><\/tr><\/tbody><\/table><\/figure>\n<\/div>\n<\/div>\n\n\n\n<h3 class=\"wp-block-heading\"><span style=\"color: #993300;\"><strong><mark style=\"background-color:rgba(0, 0, 0, 0)\" class=\"has-inline-color has-vivid-red-color\">Vendredi 17 avril<\/mark><\/strong><\/span><\/h3>\n\n\n\n<div class=\"wp-block-columns is-layout-flex wp-container-core-columns-is-layout-9d6595d7 wp-block-columns-is-layout-flex\">\n<div class=\"wp-block-column is-layout-flow wp-block-column-is-layout-flow\" style=\"flex-basis:100%\">\n<figure class=\"wp-block-table\"><table><tbody><tr><td>15h<\/td><td>Daniel RANDE (Musicien) <br><strong>Ateliers initiation Darbouka ! <\/strong><em>(<a href=\"https:\/\/www.eventbrite.fr\/e\/billets-atelier-dinitiation-a-la-derbouka-1986192715880?aff=oddtdtcreator\">inscription obligatoire<\/a>)<\/em><br>15h00 &#8211; 16h30<br>17h00 &#8211; 18h30<br><em>45 rue d&rsquo;Ulm, salle<\/em> F (arch\u00e9ologie)<\/td><\/tr><tr><td>17h30<\/td><td>Ayat ABU SHMEISS (Po\u00e9tesse)<br><strong>Echoes of the Unheard: Palestinian Poetry, Silence, and Narrative in Israel<\/strong><br><em>45 rue d&rsquo;Ulm, Salle <\/em>Samuel Beckett<\/td><\/tr><tr><td>20h<\/td><td>Diner solidaire Afghan &#8211; avec MigrEns <em>(<a href=\"https:\/\/www.eventbrite.fr\/e\/atelier-cuisine-afghane-tickets-1986844289755?keep_tld=true\">inscription obligatoire<\/a>)<\/em><br>Cuisine (apr\u00e8s-midi) <br>Repas (soir)<\/td><\/tr><tr><td>22h <\/td><td>Soir\u00e9e K-f\u00eat avec DJ Bas.ma <em>(<a href=\"https:\/\/www.eventbrite.fr\/e\/billets-soiree-de-la-semaine-arabe-1986526919492?aff=oddtdtcreator\">inscription obligatoire<\/a>)<\/em><\/td><\/tr><\/tbody><\/table><\/figure>\n<\/div>\n<\/div>\n\n\n\n<h3 class=\"wp-block-heading\"><span style=\"color: #993300;\"><strong><mark style=\"background-color:rgba(0, 0, 0, 0)\" class=\"has-inline-color has-vivid-red-color\">Et tout au long de la semaine&#8230;<\/mark><\/strong><\/span><\/h3>\n\n\n\n<p>Retrouvez le traditionnel <strong>Caf\u00e9 Arabe <\/strong>dans la Cour aux Ernests ou dans le hall d&rsquo;entr\u00e9e ainsi que l&rsquo;exposition de l&rsquo;illustratrice de BD Zeina Abi Rached.<\/p>\n\n\n\n<p><\/p>\n","protected":false},"excerpt":{"rendered":"<p>Sauf mention contraire, les \u00e9v\u00e8nements ont lieu sur le site Panth\u00e9on de l\u2019ENS (29 ou 45 rue d\u2019Ulm), durent deux heures environ, et&nbsp;l\u2019entr\u00e9e est libre et gratuite&nbsp;dans la limite des places disponibles.&nbsp; Une inscription est requise pour&nbsp;: les ateliers de&nbsp;calligraphie&nbsp;samedi 11 avril ; la&nbsp;conf\u00e9rence en partenariat avec le s\u00e9minaire Palestine le lundi 13 avril ; &hellip; <\/p>\n<p class=\"link-more\"><a href=\"https:\/\/www.semainearabe.ens.fr\/index.php\/programme-2025\/\" class=\"more-link\">Continuer la lecture<span class=\"screen-reader-text\"> de &laquo;&nbsp;Programme 2026&nbsp;&raquo;<\/span><\/a><\/p>\n","protected":false},"author":14,"featured_media":0,"parent":0,"menu_order":0,"comment_status":"closed","ping_status":"closed","template":"","meta":{"footnotes":""},"class_list":["post-687","page","type-page","status-publish","hentry"],"_links":{"self":[{"href":"https:\/\/www.semainearabe.ens.fr\/index.php\/wp-json\/wp\/v2\/pages\/687","targetHints":{"allow":["GET"]}}],"collection":[{"href":"https:\/\/www.semainearabe.ens.fr\/index.php\/wp-json\/wp\/v2\/pages"}],"about":[{"href":"https:\/\/www.semainearabe.ens.fr\/index.php\/wp-json\/wp\/v2\/types\/page"}],"author":[{"embeddable":true,"href":"https:\/\/www.semainearabe.ens.fr\/index.php\/wp-json\/wp\/v2\/users\/14"}],"replies":[{"embeddable":true,"href":"https:\/\/www.semainearabe.ens.fr\/index.php\/wp-json\/wp\/v2\/comments?post=687"}],"version-history":[{"count":71,"href":"https:\/\/www.semainearabe.ens.fr\/index.php\/wp-json\/wp\/v2\/pages\/687\/revisions"}],"predecessor-version":[{"id":830,"href":"https:\/\/www.semainearabe.ens.fr\/index.php\/wp-json\/wp\/v2\/pages\/687\/revisions\/830"}],"wp:attachment":[{"href":"https:\/\/www.semainearabe.ens.fr\/index.php\/wp-json\/wp\/v2\/media?parent=687"}],"curies":[{"name":"wp","href":"https:\/\/api.w.org\/{rel}","templated":true}]}}