{"id":520,"date":"2024-02-08T15:02:14","date_gmt":"2024-02-08T14:02:14","guid":{"rendered":"https:\/\/www.semainearabe.ens.fr\/?page_id=520"},"modified":"2024-03-07T12:53:12","modified_gmt":"2024-03-07T11:53:12","slug":"programme-2024","status":"publish","type":"page","link":"https:\/\/www.semainearabe.ens.fr\/index.php\/programme-2024\/","title":{"rendered":"Programme 2024"},"content":{"rendered":"\n<div class=\"wp-block-group\"><div class=\"wp-block-group__inner-container is-layout-constrained wp-block-group-is-layout-constrained\">\n<p><em style=\"font-size: 1rem;\">Sauf mention contraire<\/em><span style=\"font-size: 1rem;\">, les \u00e9v\u00e8nements ont lieu sur le site Panth\u00e9on de l&rsquo;ENS (29 ou 45 rue d&rsquo;Ulm), durent deux heures environ, et&nbsp;<\/span><strong style=\"font-size: 1rem;\">l\u2019entr\u00e9e est libre et gratuite<\/strong><span style=\"font-size: 1rem;\">&nbsp;dans la limite des places disponibles.&nbsp;<\/span><\/p>\n\n\n\n<p><strong><span style=\"text-decoration: underline;\">Inscriptions n\u00e9cessaires<\/span> <\/strong>: pour les ateliers de <strong>calligraphie<\/strong> samedi 2 mars (11h et 15h) ; pour la <strong>table-ronde<\/strong> \u00ab Des politiques urbaines contre-r\u00e9volutionnaires \u00bb  du lundi 4 mars (18h-20h) en partenariat <strong>avec le S\u00e9minaire<\/strong> \u00ab Penser avec la Palestine \u00bb ; et pour le <strong>d\u00eener solidaire y\u00e9m\u00e9nite<\/strong> mardi 5 mars (19h30). Les <strong>liens<\/strong> <strong>d&rsquo;inscription<\/strong> sont \u00e0 retrouver <strong>ci-dessous<\/strong>. <\/p>\n<\/div><\/div>\n\n\n\n<div class=\"wp-block-group\"><div class=\"wp-block-group__inner-container is-layout-constrained wp-block-group-is-layout-constrained\">\n<p>  <\/p>\n\n\n\n<h4><span style=\"color: #993300;\"><strong>Vendredi 1er mars<\/strong><\/span><\/h4>\n\n\n\n<figure class=\"wp-block-table\"><table><tbody><tr><td>16h<\/td><td><strong>Inauguration de la Semaine Arabe 2024<\/strong>, avec <strong>Fr\u00e9d\u00e9ric Worms<\/strong> (directeur de l&rsquo;ENS-PSL), suivi d&rsquo;un <strong>DJ Set<\/strong><br><em>45 rue d&rsquo;Ulm, Cour aux Ernests<\/em><\/td><\/tr><tr><td>18h30<\/td><td><strong>Concerts<\/strong>, avec <strong>Mohamed Lamouri<\/strong> (chanteur) et <strong>Le Duo Ourika<\/strong> (Cl\u00e9mence Mebsout et Valentin Hoffman, violoncellistes)<br><em>45 rue d&rsquo;Ulm, Salle SEA<\/em><\/td><\/tr><\/tbody><\/table><\/figure>\n\n\n\n<h4><span style=\"color: #993300;\"><strong>Samedi 2 mars<\/strong><\/span><\/h4>\n\n\n\n<figure class=\"wp-block-table\"><table><tbody><tr><td>11h<\/td><td><strong>Atelier de calligraphie<\/strong> avec Hicham Chajai<strong> <\/strong>[Premier cr\u00e9neau] (inscription obligatoire) <br><em>45 rue d&rsquo;Ulm, Salle Cavaill\u00e8s<\/em><\/td><\/tr><tr><td>15h<\/td><td><strong>Atelier de calligraphie<\/strong> avec Hicham Chajai [Deuxi\u00e8me cr\u00e9neau] (inscription obligatoire)<br><em>45 rue d&rsquo;Ulm, Salle Cavaill\u00e8s<\/em><\/td><\/tr><\/tbody><\/table><figcaption class=\"wp-element-caption\"><a href=\"https:\/\/docs.google.com\/forms\/d\/e\/1FAIpQLSfsDd6vgg_IRl5gdTOKKfjrOlAZaIOpQxXXkUnqArQka-rIbA\/viewform?usp=sf_link\"><strong>Lien d&rsquo;inscription<\/strong><\/a><\/figcaption><\/figure>\n\n\n\n<h4><span style=\"color: #993300;\"><strong>Lundi 4 mars<\/strong><\/span><\/h4>\n\n\n\n<figure class=\"wp-block-table\"><table><tbody><tr><td>14h<br><\/td><td><strong>Conf\u00e9rence<\/strong> avec <strong>Le\u00efla Vignal<\/strong> (dans le cadre de la PSL Week \u00ab\u00a0War-torn Syria\u00a0\u00bb)<br><em>48 boulevard Jourdan<\/em>. <strong><span style=\"text-decoration: underline;\">COMPLET<\/span><\/strong><\/td><\/tr><tr><td>18h<\/td><td><strong>Table-ronde<\/strong> : \u00ab Des politiques urbaines contre-r\u00e9volutionnaires. Regards crois\u00e9s sur l&rsquo;am\u00e9nagement des centres-villes du Caire et de J\u00e9rusalem \u00bb, avec <strong>Baptiste Sellier<\/strong> et <strong>Laura Monfleur<\/strong> (en partenariat avec le s\u00e9minaire \u00ab Penser avec la Palestine \u00bb)<em><br>29 rue d&rsquo;Ulm, Salle Jaur\u00e8s<\/em><br><strong><a href=\"http:\/\/penseraveclapalestine.wordpress.com\">Lien d&rsquo;inscription<\/a><\/strong><\/td><\/tr><\/tbody><\/table><\/figure>\n\n\n\n<h4><span style=\"color: #993300;\"><strong>Mardi 5 mars<\/strong><\/span><\/h4>\n\n\n\n<figure class=\"wp-block-table\"><table><tbody><tr><td>14h <\/td><td><strong>Conf\u00e9rence<\/strong> : \u00ab M\u00e9moires urbaines de Beyrouth \u00bb, avec <strong>Youssef Haidar<\/strong>          <br><em>45 rue d&rsquo;Ulm, Salle des Actes<\/em><\/td><\/tr><tr><td>18h <\/td><td><strong>Conf\u00e9rence<\/strong> : \u00ab La rue sonore : \u00c9gypte et Liban \u00bb, avec <strong>Nicolas Puig<\/strong><br><em>45 rue d&rsquo;Ulm, Salle des R\u00e9sistants<\/em><br>Ci-dessous, la bibliographie t\u00e9l\u00e9chargeable de l&rsquo;intervention. <\/td><\/tr><tr><td>19h30<\/td><td><strong>Diner solidaire y\u00e9m\u00e9nite<\/strong>, avec <strong>Migr&rsquo;ENS <\/strong><br><em>45 rue d&rsquo;Ulm, P\u00f4t (Cantine)<\/em><br><strong><a href=\"https:\/\/www.eventbrite.fr\/e\/repas-solidaire-yemenite-tickets-843480080627?aff=oddtdtcreator\">Lien d&rsquo;inscription<\/a> <\/strong><\/td><\/tr><\/tbody><\/table><\/figure>\n\n\n\n<div class=\"wp-block-file\"><a id=\"wp-block-file--media-a6e1e4d0-29ec-4aca-951a-63a73a16f80d\" href=\"https:\/\/www.semainearabe.ens.fr\/wp-content\/uploads\/2024\/03\/Biblio-rue-sonore-1.docx\">Biblio-rue-sonore-1<\/a><a href=\"https:\/\/www.semainearabe.ens.fr\/wp-content\/uploads\/2024\/03\/Biblio-rue-sonore-1.docx\" class=\"wp-block-file__button wp-element-button\" download aria-describedby=\"wp-block-file--media-a6e1e4d0-29ec-4aca-951a-63a73a16f80d\">T\u00e9l\u00e9charger<\/a><\/div>\n\n\n\n<h4><span style=\"color: #993300;\"><strong>Mercredi 6 mars<\/strong><\/span><\/h4>\n\n\n\n<figure class=\"wp-block-table\"><table><tbody><tr><td>16h <\/td><td><strong>Conf\u00e9rence<\/strong> : \u00ab L&rsquo;Espace urbain dans la litt\u00e9rature arabe contemporaine \u00bb, avec <strong>Sobhi Boustani<\/strong><br><em>45 rue d&rsquo;Ulm, Salle des R\u00e9sistants<\/em><\/td><\/tr><tr><td>18h<\/td><td><strong>Conf\u00e9rence<\/strong> : \u00ab Normes, d\u00e9tournements de normes et pr\u00e9carit\u00e9s dans les espaces publics en contexte de colonisation, le cas de Ramallah \u00bb, avec <strong>Mariangela Gasparotto<\/strong><br><em>45 rue d&rsquo;Ulm, Salle Cavaill\u00e8s<\/em><\/td><\/tr><tr><td>20h <\/td><td><strong>Projection<\/strong> de <em>Capharna\u00fcm<\/em> de Nadine Labaki, avec le <strong>Cin\u00e9-Club<\/strong> de l&rsquo;ENS<br><em>45 rue d&rsquo;Ulm, Salle Dussane<\/em><\/td><\/tr><\/tbody><\/table><\/figure>\n\n\n\n<h4><span style=\"color: #993300;\"><strong>Jeudi 7 mars<\/strong><\/span><\/h4>\n\n\n\n<figure class=\"wp-block-table\"><table><tbody><tr><td>14h<\/td><td><strong>Conf\u00e9rence<\/strong> : \u00ab La rue comme th\u00e9\u00e2tre, le th\u00e9\u00e2tre dans la rue : exp\u00e9riences th\u00e9\u00e2trales dans l&rsquo;espace public pendant la p\u00e9riode r\u00e9volutionnaire \u00e9gyptienne (2011-2013) \u00bb, avec <strong>Pauline Donizeau<\/strong><br><em>29 rue d&rsquo;Ulm, Salle Borel<\/em><\/td><\/tr><tr><td>14h <\/td><td><strong>Projection<\/strong> du documentaire <em>Les \u00e2mes perdues<\/em> en pr\u00e9sence de sa co-r\u00e9alisatrice, <strong>Garance Le Caisne<\/strong> (dans le cadre de la PSL Week \u00ab\u00a0War-torn Syria\u00a0\u00bb), suivie d&rsquo;un d\u00e9bat de <strong>16h \u00e0 18h30<\/strong> avec <strong>Garance Le Caisne<\/strong> (co-r\u00e9alisatrice), <strong>Cl\u00e9mence Bectarte<\/strong> (avocate au barreau de Paris, sp\u00e9cialiste des questions de droit international humanitaire), et <strong>Bassem al-Ahmad<\/strong> (fondateur de <em>Syrian for Truth and Justice<\/em>). <br><strong>Inscription obligatoire <\/strong>aupr\u00e8s de Le\u00efla Vignal : <strong>leila.vignal@ens.psl.eu<\/strong><br><em>Amphith\u00e9\u00e2tre Daniel Cohen, 48 boulevard Jourdan, ENS- Jourdan<\/em><\/td><\/tr><tr><td>18h<\/td><td><strong>Conf\u00e9rence<\/strong> : \u00ab Why Paint in Arabic? \u00bb, avec <strong>Bahia Shebab<\/strong><br><em>45 rue d&rsquo;Ulm, Salle des Actes<\/em><\/td><\/tr><\/tbody><\/table><\/figure>\n<\/div><\/div>\n\n\n<h4><span style=\"color: #993300;\"><strong>Vendredi 8 mars<\/strong><\/span><\/h4>\n\n\n<figure class=\"wp-block-table\"><table><tbody><tr><td>17h<\/td><td><strong>Conf\u00e9rence<\/strong> : \u00ab Ce que l&rsquo;art fait \u00e0 la ville : cr\u00e9ativit\u00e9s urbaines en Palestine coloniale \u00bb, avec <strong>Marion Slitine<\/strong><br><em>29 rue d&rsquo;Ulm, Salle Paul Langevin<\/em><\/td><\/tr><tr><td>18h30<\/td><td><strong>Conf\u00e9rence<\/strong> : \u00ab Hirak en Alg\u00e9rie : la rue r\u00e9sonne&nbsp;\u00bb, avec <strong>Farida Souiah<\/strong><br><em>45 rue d&rsquo;Ulm, Salle Dussane<\/em><\/td><\/tr><tr><td>22h<\/td><td><strong>Soir\u00e9e<\/strong> K-F\u00eat x Semaine Arabe 2024, avec <strong>Hadj Sameer<\/strong> et les DJs du <strong>Boum<\/strong><br><em>45 rue d&rsquo;Ulm, K-F\u00eat<\/em><\/td><\/tr><\/tbody><\/table><\/figure>\n\n\n<h4><span style=\"color: #993300;\"><strong>Et tout au long de la semaine&#8230;<\/strong><\/span><\/h4>\n\n\n<p>Retrouvez la <a href=\"https:\/\/www.semainearabe.ens.fr\/index.php\/stephane-couturier-alger-cite-climat-de-france-travelling-lateral-place-des-deux-cents-colonnes-2012\/\" data-type=\"link\" data-id=\"https:\/\/www.semainearabe.ens.fr\/index.php\/stephane-couturier-alger-cite-climat-de-france-travelling-lateral-place-des-deux-cents-colonnes-2012\/\"><strong>vid\u00e9o \u00ab Alger &#8211; Cit\u00e9 \u00ab\u00a0Climat de France\u00a0\u00bb \u00bb <\/strong>de <strong>St\u00e9phane Couturier<\/strong><\/a> projet\u00e9e, ainsi que le traditionnel <strong>Caf\u00e9 Arabe <\/strong>dans la Cour aux Ernests !<\/p>\n","protected":false},"excerpt":{"rendered":"<p>Sauf mention contraire, les \u00e9v\u00e8nements ont lieu sur le site Panth\u00e9on de l&rsquo;ENS (29 ou 45 rue d&rsquo;Ulm), durent deux heures environ, et&nbsp;l\u2019entr\u00e9e est libre et gratuite&nbsp;dans la limite des places disponibles.&nbsp; Inscriptions n\u00e9cessaires : pour les ateliers de calligraphie samedi 2 mars (11h et 15h) ; pour la table-ronde \u00ab Des politiques urbaines contre-r\u00e9volutionnaires &hellip; <\/p>\n<p class=\"link-more\"><a href=\"https:\/\/www.semainearabe.ens.fr\/index.php\/programme-2024\/\" class=\"more-link\">Continuer la lecture<span class=\"screen-reader-text\"> de &laquo;&nbsp;Programme 2024&nbsp;&raquo;<\/span><\/a><\/p>\n","protected":false},"author":12,"featured_media":0,"parent":0,"menu_order":0,"comment_status":"closed","ping_status":"closed","template":"","meta":{"footnotes":""},"class_list":["post-520","page","type-page","status-publish","hentry"],"_links":{"self":[{"href":"https:\/\/www.semainearabe.ens.fr\/index.php\/wp-json\/wp\/v2\/pages\/520","targetHints":{"allow":["GET"]}}],"collection":[{"href":"https:\/\/www.semainearabe.ens.fr\/index.php\/wp-json\/wp\/v2\/pages"}],"about":[{"href":"https:\/\/www.semainearabe.ens.fr\/index.php\/wp-json\/wp\/v2\/types\/page"}],"author":[{"embeddable":true,"href":"https:\/\/www.semainearabe.ens.fr\/index.php\/wp-json\/wp\/v2\/users\/12"}],"replies":[{"embeddable":true,"href":"https:\/\/www.semainearabe.ens.fr\/index.php\/wp-json\/wp\/v2\/comments?post=520"}],"version-history":[{"count":75,"href":"https:\/\/www.semainearabe.ens.fr\/index.php\/wp-json\/wp\/v2\/pages\/520\/revisions"}],"predecessor-version":[{"id":678,"href":"https:\/\/www.semainearabe.ens.fr\/index.php\/wp-json\/wp\/v2\/pages\/520\/revisions\/678"}],"wp:attachment":[{"href":"https:\/\/www.semainearabe.ens.fr\/index.php\/wp-json\/wp\/v2\/media?parent=520"}],"curies":[{"name":"wp","href":"https:\/\/api.w.org\/{rel}","templated":true}]}}