{"id":418,"date":"2023-01-25T11:14:43","date_gmt":"2023-01-25T10:14:43","guid":{"rendered":"https:\/\/www.semainearabe.ens.fr\/?page_id=418"},"modified":"2024-02-08T15:09:35","modified_gmt":"2024-02-08T14:09:35","slug":"programme-2023","status":"publish","type":"page","link":"https:\/\/www.semainearabe.ens.fr\/index.php\/programme-2023\/","title":{"rendered":"PROGRAMME 2023"},"content":{"rendered":"\n<p>Sauf mention contraire, les \u00e9ven\u00e9ments ont lieu dans les locaux de l\u2019ENS Ulm, durent deux heures environ et&nbsp;<strong>l\u2019entr\u00e9e est libre et gratuite<\/strong>&nbsp;dans la limite des places disponibles.&nbsp;<\/p>\n\n\n\n<h5 class=\"wp-block-heading\">VENDREDI 10 MARS :<\/h5>\n\n\n\n<figure class=\"wp-block-table\"><table><tbody><tr><td>&nbsp;19h00<\/td><td><strong><a href=\"https:\/\/fb.me\/e\/dBiTh3HTP\">Inauguration de la Semaine arabe&nbsp;<\/a><\/strong>avec Fr\u00e9d\u00e9ric Worms suivie de\u2026Table ronde avec Zineb Fasiki, b\u00e9d\u00e9iste marocaine \u2013<em>Salle des Actes<\/em><\/td><\/tr><\/tbody><\/table><\/figure>\n\n\n\n<h5 class=\"wp-block-heading\">&nbsp;<\/h5>\n\n\n\n<h5 class=\"wp-block-heading\">LUNDI 13 MARS :<\/h5>\n\n\n\n<figure class=\"wp-block-table\"><table><tbody><tr><td>14h00<\/td><td><strong>Conf\u00e9rence<\/strong>&nbsp;\u00ab&nbsp;<a href=\"https:\/\/fb.me\/e\/12cgNTXSD\">&nbsp;Les f\u00e9ministes et le gar\u00e7on arabe&nbsp;\u00bb<\/a>&nbsp;(sociologie) avec Nacira Gu\u00e9nif-Souilamas \u2013&nbsp;<em>Salle de Conf\u00e9rences ( 46 rue d\u2019Ulm)<\/em><\/td><\/tr><tr><td>16h00<\/td><td><strong>Conf\u00e9rence<\/strong>&nbsp;avec Monica Balda:&nbsp;<a href=\"https:\/\/fb.me\/e\/2z4RaTJxe\">\u00ab&nbsp;<em>De l\u2019amour<\/em>&nbsp;dans la litt\u00e9rature arabe pr\u00e9moderne (IX-XIV\u00e8me si\u00e8cle)&nbsp;\u00bb<\/a>&nbsp;\u2013&nbsp;<em>Salle Dussane<\/em><\/td><\/tr><tr><td>18h00<\/td><td><strong>Workshop&nbsp;<\/strong><a href=\"https:\/\/fb.me\/e\/18VnkkI2e\">\u00ab&nbsp;Corps, nudit\u00e9s et amour&nbsp;\u00bb&nbsp;<\/a>avec Zineb Fasiki \u2013&nbsp;<em>Salle Dussane<\/em><\/td><\/tr><tr><td>20h00<\/td><td><strong>Table ronde<\/strong>&nbsp;<a href=\"https:\/\/fb.me\/e\/2lCTnfguq\">\u00ab&nbsp;Ecriture, amour et libert\u00e9 au Maroc&nbsp;\u00bb&nbsp;<\/a>avec Pierre Pascual, Zineb Fasiki, In\u00e8s El-Mansouri et Safaa Amrani \u2013&nbsp;<em>Salle Dussane<\/em><\/td><\/tr><\/tbody><\/table><\/figure>\n\n\n\n<h5 class=\"wp-block-heading\">MARDI 14 MARS :<\/h5>\n\n\n\n<figure class=\"wp-block-table\"><table><tbody><tr><td>14h00<\/td><td><strong>Conf\u00e9rence<\/strong><a href=\"https:\/\/fb.me\/e\/6HRz6tjHe\">&nbsp;\u00ab&nbsp;Les productions po\u00e9tiques f\u00e9minines kabyles: de l\u2019oralit\u00e9 traditionnelle \u00e0 la chanson m\u00e9diatis\u00e9e&nbsp;\u00bb<\/a>, avec Omar Haouchine \u2013&nbsp;<em>Salle Cavaill\u00e8s<\/em><\/td><\/tr><tr><td>16h00<\/td><td><strong>Conf\u00e9rence&nbsp;<\/strong>&nbsp;<a href=\"https:\/\/fb.me\/e\/NigLc4Jn\">\u00ab&nbsp;L\u2019amour dans le soufisme \u00e0 l\u2019\u00e9poque classique&nbsp;\u00bb<\/a>&nbsp;(islamologie) avec Jean-Jacques Thibon \u2013&nbsp;<em>Salle Cavaill\u00e8s<\/em><\/td><\/tr><tr><td>20h00<\/td><td><strong><a href=\"https:\/\/fb.me\/e\/Rg5Xf8bG\">Workshop&nbsp;<\/a><\/strong>avec In\u00e8s El Mansouri \u2013&nbsp;<em>Salle Cavaill\u00e8s<\/em><\/td><\/tr><\/tbody><\/table><\/figure>\n\n\n\n<h5 class=\"wp-block-heading\">MERCREDI 15 MARS :<\/h5>\n\n\n\n<figure class=\"wp-block-table\"><table><tbody><tr><td>18h00<\/td><td><strong>Conf\u00e9rence<\/strong>&nbsp;&nbsp;<a href=\"https:\/\/fb.me\/e\/3mzlqAOHI\">\u00ab&nbsp;Le d\u00e9sir de Harem et le d\u00e9go\u00fbt des corps. Un orientalisme maghr\u00e9bin au XVIII\u00e8me si\u00e8cle&nbsp;\u00bb<\/a>&nbsp;(histoire) avec Jocelyne Dakhlia \u2013&nbsp;<em>Salle Dussane<\/em><\/td><\/tr><tr><td>20h30<\/td><td><strong><a href=\"https:\/\/fb.me\/e\/2rxHNwLsC\">S\u00e9ance de Cin\u00e9-club&nbsp;<\/a><\/strong>&nbsp;avec projection du film&nbsp;<em>Much Loved<\/em>&nbsp;de Nabil Ayouch\u2013<em>Salle Dussane<\/em><\/td><\/tr><\/tbody><\/table><\/figure>\n\n\n\n<h5 class=\"wp-block-heading\">JEUDI 16 MARS :<\/h5>\n\n\n\n<figure class=\"wp-block-table\"><table><tbody><tr><td>14h00<\/td><td><strong><a href=\"https:\/\/fb.me\/e\/2I9nyU3s3\">Atelier de calligraphie<\/a><\/strong>&nbsp;avec Hicham Chajai&nbsp; (limit\u00e9 \u00e0 15 personnes, inscription&nbsp;<a href=\"https:\/\/forms.gle\/fqtepdstHF164Rh89\">ici<\/a>&nbsp;)\u2013<em>Salle des Actes<\/em><\/td><\/tr><tr><td>18h00<\/td><td><strong>Conf\u00e9rence&nbsp;<\/strong>avec Florent Chossi\u00e8re sur :&nbsp;<a href=\"https:\/\/fb.me\/e\/425rDO2Pj\">\u00ab&nbsp;Amours scrut\u00e9s: exp\u00e9riences migratoires de r\u00e9fugi\u00e9.e.s LGBTQ+ originaires du Maghreb en France&nbsp;\u00bb<\/a>&nbsp;\u2013&nbsp;<em>Salle des R\u00e9sistants<\/em><\/td><\/tr><tr><td><\/td><td>Le d\u00eener solidaire ne pourra pas, \u00e0 notre plus grand regret, se tenir cette ann\u00e9e.<\/td><\/tr><tr><td>22h00<\/td><td><strong><a href=\"https:\/\/fb.me\/e\/vsQcqlLL\">Soir\u00e9e K-F\u00eat&nbsp;<\/a><\/strong><\/td><\/tr><\/tbody><\/table><\/figure>\n\n\n\n<h5 class=\"wp-block-heading\">VENDREDI 17 MARS :<\/h5>\n\n\n\n<figure class=\"wp-block-table\"><table><tbody><tr><td>13h00<\/td><td><a href=\"https:\/\/fb.me\/e\/OOAAejNB\"><strong>Atelier calligraphie<\/strong>&nbsp;<\/a>&nbsp;avec Hicham Chajai ( limit\u00e9 \u00e0 15 personnes, lien d\u2019inscription&nbsp;<a href=\"https:\/\/forms.gle\/fqtepdstHF164Rh89\">ici<\/a>) \u2013&nbsp;<em>Salle C\u00e9saire<\/em><\/td><\/tr><tr><td>16h00<\/td><td><strong>Conf\u00e9rence&nbsp;<\/strong><a href=\"https:\/\/fb.me\/e\/10zGKaTnB\">\u00ab&nbsp;Ce qu\u2019aimer veut dire dans la litt\u00e9rature arabe pr\u00e9islamique&nbsp;\u00bb&nbsp;<\/a>(linguistique) avec Pierre Larcher \u2013<em>Salle Dussan<\/em>e<\/td><\/tr><tr><td>18h00<\/td><td><strong>Conf\u00e9rence&nbsp;<\/strong>&nbsp;<a href=\"https:\/\/fb.me\/e\/vVf88xF5\">\u00ab&nbsp;Le sentiment amoureux et le choix conjugal \u00e0 travers la po\u00e9sie chant\u00e9e f\u00e9minine en Tunisie coloniale&nbsp;\u00bb&nbsp;<\/a>(histoire) avec Sarra Zaied\u2013&nbsp;<em>Salle Cavaill\u00e8s<\/em><\/td><\/tr><tr><td>21h00<\/td><td><strong><a href=\"https:\/\/fb.me\/e\/10YkDyCbc\">Concert<\/a>&nbsp;<\/strong>de Souad Asla \u2013<em>Salle Dussane<\/em><\/td><\/tr><\/tbody><\/table><\/figure>\n\n\n\n<h5 class=\"wp-block-heading\">\u2026ET TOUT AU LONG DE LA SEMAINE :<\/h5>\n\n\n\n<p><a href=\"https:\/\/www.facebook.com\/events\/493220648853756\/\">Retrouvez le traditionnel caf\u00e9 arabe dans la Cour aux Ernests !<\/a><\/p>\n\n\n\n<p class=\"has-text-color has-small-font-size\" style=\"color:#000000a1\"><\/p>\n\n\n\n<p><\/p>\n","protected":false},"excerpt":{"rendered":"<p>Sauf mention contraire, les \u00e9ven\u00e9ments ont lieu dans les locaux de l\u2019ENS Ulm, durent deux heures environ et&nbsp;l\u2019entr\u00e9e est libre et gratuite&nbsp;dans la limite des places disponibles.&nbsp; VENDREDI 10 MARS : &nbsp;19h00 Inauguration de la Semaine arabe&nbsp;avec Fr\u00e9d\u00e9ric Worms suivie de\u2026Table ronde avec Zineb Fasiki, b\u00e9d\u00e9iste marocaine \u2013Salle des Actes &nbsp; LUNDI 13 MARS : &hellip; <\/p>\n<p class=\"link-more\"><a href=\"https:\/\/www.semainearabe.ens.fr\/index.php\/programme-2023\/\" class=\"more-link\">Continuer la lecture<span class=\"screen-reader-text\"> de &laquo;&nbsp;PROGRAMME 2023&nbsp;&raquo;<\/span><\/a><\/p>\n","protected":false},"author":9,"featured_media":0,"parent":0,"menu_order":0,"comment_status":"closed","ping_status":"closed","template":"","meta":{"footnotes":""},"class_list":["post-418","page","type-page","status-publish","hentry"],"_links":{"self":[{"href":"https:\/\/www.semainearabe.ens.fr\/index.php\/wp-json\/wp\/v2\/pages\/418","targetHints":{"allow":["GET"]}}],"collection":[{"href":"https:\/\/www.semainearabe.ens.fr\/index.php\/wp-json\/wp\/v2\/pages"}],"about":[{"href":"https:\/\/www.semainearabe.ens.fr\/index.php\/wp-json\/wp\/v2\/types\/page"}],"author":[{"embeddable":true,"href":"https:\/\/www.semainearabe.ens.fr\/index.php\/wp-json\/wp\/v2\/users\/9"}],"replies":[{"embeddable":true,"href":"https:\/\/www.semainearabe.ens.fr\/index.php\/wp-json\/wp\/v2\/comments?post=418"}],"version-history":[{"count":22,"href":"https:\/\/www.semainearabe.ens.fr\/index.php\/wp-json\/wp\/v2\/pages\/418\/revisions"}],"predecessor-version":[{"id":531,"href":"https:\/\/www.semainearabe.ens.fr\/index.php\/wp-json\/wp\/v2\/pages\/418\/revisions\/531"}],"wp:attachment":[{"href":"https:\/\/www.semainearabe.ens.fr\/index.php\/wp-json\/wp\/v2\/media?parent=418"}],"curies":[{"name":"wp","href":"https:\/\/api.w.org\/{rel}","templated":true}]}}